{"id":5413,"date":"2023-06-30T09:18:23","date_gmt":"2023-06-30T07:18:23","guid":{"rendered":"https:\/\/ecole-olympedegouges.com\/nous-rejoindre\/"},"modified":"2025-02-28T13:06:40","modified_gmt":"2025-02-28T12:06:40","slug":"nous-rejoindre","status":"publish","type":"page","link":"https:\/\/ecole-olympedegouges.com\/en\/nous-rejoindre\/","title":{"rendered":"Nous rejoindre"},"content":{"rendered":"<div id=\"field_powc6c5b9291a96435a\" class=\"container-fluid px-0 flexible_section block_columns\">\n <div id=\"field_powc6c5b9291a96435a_inner\" class=\"container flexible_section_inner\">\n\n   <div class=\"row flexible_section_content\">\n\n   <div class=\"col-sm-12 colonne colonne1\">\n    <div class=\"colonne_inner  text-left\">\n<div class=\"pt-0 pt-sm-5 bg-white mb-3 mb-sm-0 col-sm-5 colonne colonne1\">\n<div class=\"colonne_inner  text-left\">\n<h1><span style=\"color: #e64e12\">Rejoindre notre \u00e9quipe<\/span><\/h1>\n<p>&nbsp;<\/p>\n<p><img loading=\"lazy\" decoding=\"async\" class=\"alignnone  wp-image-3087\" src=\"https:\/\/ecole-olympedegouges.com\/wp-content\/uploads\/2023\/06\/courbe-300x300.png\" sizes=\"auto, (max-width: 300px) 100vw, 300px\" srcset=\"https:\/\/ecole-olympedegouges.com\/wp-content\/uploads\/2023\/06\/courbe-300x300.png 300w, https:\/\/ecole-olympedegouges.com\/wp-content\/uploads\/2023\/06\/courbe-150x150.png 150w, https:\/\/ecole-olympedegouges.com\/wp-content\/uploads\/2023\/06\/courbe.png 350w\" alt=\"\" width=\"116\" height=\"116\" \/><\/p>\n<\/div>\n<\/div>\n    <\/div>\n   <\/div>\n  <\/div>\n\n <\/div>\n<\/div>\n<div id=\"field_powf7998b6492494276\" class=\"container-fluid px-0 flexible_section block_columns\">\n <div id=\"field_powf7998b6492494276_inner\" class=\"container flexible_section_inner\">\n\n   <div class=\"row flexible_section_content\">\n\n   <div class=\"mb-3 mb-sm-0 col-sm-6 colonne colonne1\">\n    <div class=\"colonne_inner  text-left\">\n<p>A la recherche d\u2019un poste en lien avec l\u2019enfance et le bien grandir ? Envie d\u2019\u00e9voluer dans un environnement cr\u00e9atif, positif et stimulant ?<\/p>\n    <\/div>\n   <\/div>\n   <div class=\"col-sm-6 colonne colonne2\">\n    <div class=\"colonne_inner  text-left\">\n<p>\u2192 Si vous \u00eates de langue maternelle anglaise ou fran\u00e7aise et que vous souhaitez rejoindre notre \u00e9quipe, transmettez vos curriculum vitae et lettre de motivation \u00e0 : <a href=\"mailto:contact@ecole-olympedegouges.com\">contact@ecole-olympedegouges.com<\/a><\/p>\n<p>Nous vous contacterons d\u00e8s qu\u2019un poste correspondant \u00e0 vos qualifications sera disponible.<\/p>\n    <\/div>\n   <\/div>\n  <\/div>\n\n <\/div>\n<\/div>\n<div id=\"field_powc6c5b9291a96435a\" class=\"container-fluid px-0 flexible_section block_columns\">\n <div id=\"field_powc6c5b9291a96435a_inner\" class=\"container flexible_section_inner\">\n\n   <div class=\"row flexible_section_content\">\n\n   <div class=\"col-sm-12 colonne colonne1\">\n    <div class=\"colonne_inner  text-left\">\n<div class=\"pt-0 pt-sm-5 bg-white mb-3 mb-sm-0 col-sm-5 colonne colonne1\">\n<div class=\"colonne_inner text-left\">\n<h1><span style=\"color: #e64e12\">Nos engagements<\/span><\/h1>\n<p>&nbsp;<\/p>\n<p><img loading=\"lazy\" decoding=\"async\" class=\"alignnone wp-image-3087\" src=\"https:\/\/ecole-olympedegouges.com\/wp-content\/uploads\/2023\/06\/courbe-300x300.png\" sizes=\"auto, (max-width: 300px) 100vw, 300px\" srcset=\"https:\/\/ecole-olympedegouges.com\/wp-content\/uploads\/2023\/06\/courbe-300x300.png 300w, https:\/\/ecole-olympedegouges.com\/wp-content\/uploads\/2023\/06\/courbe-150x150.png 150w, https:\/\/ecole-olympedegouges.com\/wp-content\/uploads\/2023\/06\/courbe.png 350w\" alt=\"\" width=\"116\" height=\"116\" \/><\/p>\n<\/div>\n<\/div>\n    <\/div>\n   <\/div>\n  <\/div>\n\n <\/div>\n<\/div>\n<div id=\"field_powf7998b6492494276\" class=\"container-fluid px-0 flexible_section block_columns\">\n <div id=\"field_powf7998b6492494276_inner\" class=\"container flexible_section_inner\">\n\n   <div class=\"row flexible_section_content\">\n\n   <div class=\"mb-3 mb-sm-0 col-sm-6 colonne colonne1\">\n    <div class=\"colonne_inner  text-left\">\n<p>Nous participons au dispositif &#8220;<a href=\"https:\/\/lesentreprises-sengagent.gouv.fr\/\">Les entreprises s&#8217;engagent<\/a>&#8221; en nous impliquant dans l&#8217;insertion professionnelle des jeunes:<\/p>\n<ul>\n<li>stages d&#8217;immersion professionnelle (CAP AEPE)<\/li>\n<li>accueil de stagiaires de 3e<\/li>\n<li>accueil de stagiaires de 2nde g\u00e9n\u00e9rale et technologique<\/li>\n<li>accueil de stagiaires issus des quartiers prioritaires<img loading=\"lazy\" decoding=\"async\" class=\"aligncenter wp-image-7100\" src=\"https:\/\/ecole-olympedegouges.com\/wp-content\/uploads\/2025\/02\/Screenshot-2025-02-25-at-12-31-04-Accueil-professionnels-1Eleve1Stage.png\" alt=\"\" width=\"282\" height=\"125\" srcset=\"https:\/\/ecole-olympedegouges.com\/wp-content\/uploads\/2025\/02\/Screenshot-2025-02-25-at-12-31-04-Accueil-professionnels-1Eleve1Stage.png 473w, https:\/\/ecole-olympedegouges.com\/wp-content\/uploads\/2025\/02\/Screenshot-2025-02-25-at-12-31-04-Accueil-professionnels-1Eleve1Stage-300x133.png 300w\" sizes=\"auto, (max-width: 282px) 100vw, 282px\" \/><img loading=\"lazy\" decoding=\"async\" class=\" wp-image-7063 aligncenter\" src=\"https:\/\/ecole-olympedegouges.com\/wp-content\/uploads\/2025\/02\/Screenshot-2025-02-25-at-11-33-14-Ma-fiche-entreprise-Espace-Membre-Les-entreprises-sengagent.png\" alt=\"\" width=\"202\" height=\"129\" \/><\/li>\n<\/ul>\n<p>&nbsp;<\/p>\n<p>&nbsp;<\/p>\n    <\/div>\n   <\/div>\n   <div class=\"col-sm-6 colonne colonne2\">\n    <div class=\"colonne_inner  text-left\">\n<p>\u2192 Si vous souhaitez venir faire un stage de d\u00e9couverte dans notre \u00e9tablissement, n&#8217;h\u00e9sitez pas \u00e0 transmettre vos curriculum vitae et lettre de motivation \u00e0 : <a href=\"mailto:contact@ecole-olympedegouges.com\">contact@ecole-olympedegouges.com<\/a><\/p>\n<p>Nous vous contacterons pour \u00e9voquer avec vous votre projet et organiser votre stage selon nos disponibilit\u00e9s.<\/p>\n<p><img loading=\"lazy\" decoding=\"async\" class=\"wp-image-7059 aligncenter\" src=\"https:\/\/ecole-olympedegouges.com\/wp-content\/uploads\/2025\/02\/Screenshot-2025-02-25-at-11-00-47-Formulaire-de-referencement-entreprise-PMSMP-Immersion-Facile.png\" alt=\"\" width=\"288\" height=\"90\" srcset=\"https:\/\/ecole-olympedegouges.com\/wp-content\/uploads\/2025\/02\/Screenshot-2025-02-25-at-11-00-47-Formulaire-de-referencement-entreprise-PMSMP-Immersion-Facile.png 462w, https:\/\/ecole-olympedegouges.com\/wp-content\/uploads\/2025\/02\/Screenshot-2025-02-25-at-11-00-47-Formulaire-de-referencement-entreprise-PMSMP-Immersion-Facile-300x94.png 300w\" sizes=\"auto, (max-width: 288px) 100vw, 288px\" \/><img loading=\"lazy\" decoding=\"async\" class=\"aligncenter wp-image-6196\" src=\"https:\/\/ecole-olympedegouges.com\/wp-content\/uploads\/2024\/02\/Mon-stage-de-3e-logo.png\" alt=\"\" width=\"279\" height=\"103\" srcset=\"https:\/\/ecole-olympedegouges.com\/wp-content\/uploads\/2024\/02\/Mon-stage-de-3e-logo.png 367w, https:\/\/ecole-olympedegouges.com\/wp-content\/uploads\/2024\/02\/Mon-stage-de-3e-logo-300x111.png 300w\" sizes=\"auto, (max-width: 279px) 100vw, 279px\" \/><\/p>\n    <\/div>\n   <\/div>\n  <\/div>\n\n <\/div>\n<\/div>\n<div id=\"field_pow70be76d70d854043\" class=\"container-fluid px-0 flexible_section block_columns\">\n <div id=\"field_pow70be76d70d854043_inner\" class=\"container flexible_section_inner\">\n\n   <div class=\"row flexible_section_content\">\n\n   <div class=\"col-sm-12 colonne colonne1\">\n    <div class=\"colonne_inner  text-center d-flex align-items-center justify-content-center\">\n    <div class=\"colonne_inner_sub\">\n<p><a class=\"button_rouge\" href=\"mailto:contact@ecole-olympedegouges.com\">Nous rejoindre<\/a><\/p>\n    <\/div>\n    <\/div>\n   <\/div>\n  <\/div>\n\n <\/div>\n<\/div>\n<div id=\"field_powe95ae91d466f4ff3\" class=\"container-fluid px-0 flexible_section block_columns\">\n <div id=\"field_powe95ae91d466f4ff3_inner\" class=\"container flexible_section_inner\">\n\n   <div class=\"row flexible_section_content\">\n\n   <div class=\"pt-3 col-sm-12 colonne colonne1\">\n    <div class=\"colonne_inner  text-center\">\n<p style=\"text-align: center\">Nous n&#8217;avons pas d&#8217;offres actuellement.<\/p>\n    <\/div>\n   <\/div>\n  <\/div>\n\n <\/div>\n<\/div>\n","protected":false},"excerpt":{"rendered":"<p>A la recherche d\u2019un poste en lien avec l\u2019enfance et le bien grandir ? Envie d\u2019\u00e9voluer dans un environnement cr\u00e9atif, positif et stimulant ?<\/p>\n","protected":false},"author":1,"featured_media":0,"parent":0,"menu_order":0,"comment_status":"closed","ping_status":"closed","template":"page-flexipow.php","meta":{"_acf_changed":false,"inline_featured_image":false,"footnotes":""},"class_list":["post-5413","page","type-page","status-publish","hentry"],"acf":[],"yoast_head":"<!-- This site is optimized with the Yoast SEO plugin v26.3 - https:\/\/yoast.com\/wordpress\/plugins\/seo\/ -->\n<title>Nous rejoindre - Ecole Olympe de Gouges<\/title>\n<meta name=\"description\" content=\"A la recherche d\u2019un poste en lien avec l\u2019enfance et le bien grandir ? Envie d\u2019\u00e9voluer dans un environnement cr\u00e9atif, positif et stimulant ?\" \/>\n<meta name=\"robots\" content=\"index, follow, max-snippet:-1, max-image-preview:large, max-video-preview:-1\" \/>\n<link rel=\"canonical\" href=\"https:\/\/ecole-olympedegouges.com\/en\/nous-rejoindre\/\" \/>\n<meta property=\"og:locale\" content=\"en_US\" \/>\n<meta property=\"og:type\" content=\"article\" \/>\n<meta property=\"og:title\" content=\"Nous rejoindre - Ecole Olympe de Gouges\" \/>\n<meta property=\"og:description\" content=\"A la recherche d\u2019un poste en lien avec l\u2019enfance et le bien grandir ? Envie d\u2019\u00e9voluer dans un environnement cr\u00e9atif, positif et stimulant ?\" \/>\n<meta property=\"og:url\" content=\"https:\/\/ecole-olympedegouges.com\/en\/nous-rejoindre\/\" \/>\n<meta property=\"og:site_name\" content=\"Ecole Olympe de Gouges\" \/>\n<meta property=\"article:modified_time\" content=\"2025-02-28T12:06:40+00:00\" \/>\n<meta name=\"twitter:card\" content=\"summary_large_image\" \/>\n<script type=\"application\/ld+json\" class=\"yoast-schema-graph\">{\"@context\":\"https:\/\/schema.org\",\"@graph\":[{\"@type\":\"WebPage\",\"@id\":\"https:\/\/ecole-olympedegouges.com\/en\/nous-rejoindre\/\",\"url\":\"https:\/\/ecole-olympedegouges.com\/en\/nous-rejoindre\/\",\"name\":\"Nous rejoindre - Ecole Olympe de Gouges\",\"isPartOf\":{\"@id\":\"https:\/\/ecole-olympedegouges.com\/en\/#website\"},\"datePublished\":\"2023-06-30T07:18:23+00:00\",\"dateModified\":\"2025-02-28T12:06:40+00:00\",\"description\":\"A la recherche d\u2019un poste en lien avec l\u2019enfance et le bien grandir ? Envie d\u2019\u00e9voluer dans un environnement cr\u00e9atif, positif et stimulant ?\",\"breadcrumb\":{\"@id\":\"https:\/\/ecole-olympedegouges.com\/en\/nous-rejoindre\/#breadcrumb\"},\"inLanguage\":\"en-US\",\"potentialAction\":[{\"@type\":\"ReadAction\",\"target\":[\"https:\/\/ecole-olympedegouges.com\/en\/nous-rejoindre\/\"]}]},{\"@type\":\"BreadcrumbList\",\"@id\":\"https:\/\/ecole-olympedegouges.com\/en\/nous-rejoindre\/#breadcrumb\",\"itemListElement\":[{\"@type\":\"ListItem\",\"position\":1,\"name\":\"Accueil\",\"item\":\"https:\/\/ecole-olympedegouges.com\/en\/\"},{\"@type\":\"ListItem\",\"position\":2,\"name\":\"Nous rejoindre\"}]},{\"@type\":\"WebSite\",\"@id\":\"https:\/\/ecole-olympedegouges.com\/en\/#website\",\"url\":\"https:\/\/ecole-olympedegouges.com\/en\/\",\"name\":\"Ecole Olympe de Gouges\",\"description\":\"\",\"publisher\":{\"@id\":\"https:\/\/ecole-olympedegouges.com\/en\/#organization\"},\"potentialAction\":[{\"@type\":\"SearchAction\",\"target\":{\"@type\":\"EntryPoint\",\"urlTemplate\":\"https:\/\/ecole-olympedegouges.com\/en\/?s={search_term_string}\"},\"query-input\":{\"@type\":\"PropertyValueSpecification\",\"valueRequired\":true,\"valueName\":\"search_term_string\"}}],\"inLanguage\":\"en-US\"},{\"@type\":\"Organization\",\"@id\":\"https:\/\/ecole-olympedegouges.com\/en\/#organization\",\"name\":\"Ecole Olympe de Gouges\",\"url\":\"https:\/\/ecole-olympedegouges.com\/en\/\",\"logo\":{\"@type\":\"ImageObject\",\"inLanguage\":\"en-US\",\"@id\":\"https:\/\/ecole-olympedegouges.com\/en\/#\/schema\/logo\/image\/\",\"url\":\"https:\/\/ecole-olympedegouges.com\/wp-content\/uploads\/2023\/06\/logo-ecoleolympedegouges.svg\",\"contentUrl\":\"https:\/\/ecole-olympedegouges.com\/wp-content\/uploads\/2023\/06\/logo-ecoleolympedegouges.svg\",\"width\":800,\"height\":581,\"caption\":\"Ecole Olympe de Gouges\"},\"image\":{\"@id\":\"https:\/\/ecole-olympedegouges.com\/en\/#\/schema\/logo\/image\/\"}}]}<\/script>\n<!-- \/ Yoast SEO plugin. -->","yoast_head_json":{"title":"Nous rejoindre - Ecole Olympe de Gouges","description":"A la recherche d\u2019un poste en lien avec l\u2019enfance et le bien grandir ? Envie d\u2019\u00e9voluer dans un environnement cr\u00e9atif, positif et stimulant ?","robots":{"index":"index","follow":"follow","max-snippet":"max-snippet:-1","max-image-preview":"max-image-preview:large","max-video-preview":"max-video-preview:-1"},"canonical":"https:\/\/ecole-olympedegouges.com\/en\/nous-rejoindre\/","og_locale":"en_US","og_type":"article","og_title":"Nous rejoindre - Ecole Olympe de Gouges","og_description":"A la recherche d\u2019un poste en lien avec l\u2019enfance et le bien grandir ? Envie d\u2019\u00e9voluer dans un environnement cr\u00e9atif, positif et stimulant ?","og_url":"https:\/\/ecole-olympedegouges.com\/en\/nous-rejoindre\/","og_site_name":"Ecole Olympe de Gouges","article_modified_time":"2025-02-28T12:06:40+00:00","twitter_card":"summary_large_image","schema":{"@context":"https:\/\/schema.org","@graph":[{"@type":"WebPage","@id":"https:\/\/ecole-olympedegouges.com\/en\/nous-rejoindre\/","url":"https:\/\/ecole-olympedegouges.com\/en\/nous-rejoindre\/","name":"Nous rejoindre - Ecole Olympe de Gouges","isPartOf":{"@id":"https:\/\/ecole-olympedegouges.com\/en\/#website"},"datePublished":"2023-06-30T07:18:23+00:00","dateModified":"2025-02-28T12:06:40+00:00","description":"A la recherche d\u2019un poste en lien avec l\u2019enfance et le bien grandir ? Envie d\u2019\u00e9voluer dans un environnement cr\u00e9atif, positif et stimulant ?","breadcrumb":{"@id":"https:\/\/ecole-olympedegouges.com\/en\/nous-rejoindre\/#breadcrumb"},"inLanguage":"en-US","potentialAction":[{"@type":"ReadAction","target":["https:\/\/ecole-olympedegouges.com\/en\/nous-rejoindre\/"]}]},{"@type":"BreadcrumbList","@id":"https:\/\/ecole-olympedegouges.com\/en\/nous-rejoindre\/#breadcrumb","itemListElement":[{"@type":"ListItem","position":1,"name":"Accueil","item":"https:\/\/ecole-olympedegouges.com\/en\/"},{"@type":"ListItem","position":2,"name":"Nous rejoindre"}]},{"@type":"WebSite","@id":"https:\/\/ecole-olympedegouges.com\/en\/#website","url":"https:\/\/ecole-olympedegouges.com\/en\/","name":"Ecole Olympe de Gouges","description":"","publisher":{"@id":"https:\/\/ecole-olympedegouges.com\/en\/#organization"},"potentialAction":[{"@type":"SearchAction","target":{"@type":"EntryPoint","urlTemplate":"https:\/\/ecole-olympedegouges.com\/en\/?s={search_term_string}"},"query-input":{"@type":"PropertyValueSpecification","valueRequired":true,"valueName":"search_term_string"}}],"inLanguage":"en-US"},{"@type":"Organization","@id":"https:\/\/ecole-olympedegouges.com\/en\/#organization","name":"Ecole Olympe de Gouges","url":"https:\/\/ecole-olympedegouges.com\/en\/","logo":{"@type":"ImageObject","inLanguage":"en-US","@id":"https:\/\/ecole-olympedegouges.com\/en\/#\/schema\/logo\/image\/","url":"https:\/\/ecole-olympedegouges.com\/wp-content\/uploads\/2023\/06\/logo-ecoleolympedegouges.svg","contentUrl":"https:\/\/ecole-olympedegouges.com\/wp-content\/uploads\/2023\/06\/logo-ecoleolympedegouges.svg","width":800,"height":581,"caption":"Ecole Olympe de Gouges"},"image":{"@id":"https:\/\/ecole-olympedegouges.com\/en\/#\/schema\/logo\/image\/"}}]}},"_links":{"self":[{"href":"https:\/\/ecole-olympedegouges.com\/en\/wp-json\/wp\/v2\/pages\/5413","targetHints":{"allow":["GET"]}}],"collection":[{"href":"https:\/\/ecole-olympedegouges.com\/en\/wp-json\/wp\/v2\/pages"}],"about":[{"href":"https:\/\/ecole-olympedegouges.com\/en\/wp-json\/wp\/v2\/types\/page"}],"author":[{"embeddable":true,"href":"https:\/\/ecole-olympedegouges.com\/en\/wp-json\/wp\/v2\/users\/1"}],"replies":[{"embeddable":true,"href":"https:\/\/ecole-olympedegouges.com\/en\/wp-json\/wp\/v2\/comments?post=5413"}],"version-history":[{"count":20,"href":"https:\/\/ecole-olympedegouges.com\/en\/wp-json\/wp\/v2\/pages\/5413\/revisions"}],"predecessor-version":[{"id":7137,"href":"https:\/\/ecole-olympedegouges.com\/en\/wp-json\/wp\/v2\/pages\/5413\/revisions\/7137"}],"wp:attachment":[{"href":"https:\/\/ecole-olympedegouges.com\/en\/wp-json\/wp\/v2\/media?parent=5413"}],"curies":[{"name":"wp","href":"https:\/\/api.w.org\/{rel}","templated":true}]}}