{"id":3753,"date":"2023-06-23T10:49:52","date_gmt":"2023-06-23T08:49:52","guid":{"rendered":"https:\/\/ecole-olympedegouges.com\/mentions-legales\/"},"modified":"2023-11-10T09:29:14","modified_gmt":"2023-11-10T08:29:14","slug":"mentions-legales","status":"publish","type":"page","link":"https:\/\/ecole-olympedegouges.com\/en\/mentions-legales\/","title":{"rendered":"Legal mention"},"content":{"rendered":"<div id=\"field_pow28230a0695454bd8\" class=\"container-fluid px-0 flexible_section block_columns\">\n <div id=\"field_pow28230a0695454bd8_inner\" class=\"container flexible_section_inner\">\n\n   <div class=\"row flexible_section_content\">\n\n   <div class=\"col-sm-12 colonne colonne1\">\n    <div class=\"colonne_inner  text-left\">\n<h1><span class=\"rouge\">Legal mention<\/span><\/h1>\n    <\/div>\n   <\/div>\n  <\/div>\n\n <\/div>\n<\/div>\n\n\n<div id=\"field_powa65b5fe291484f67\" class=\"container-fluid px-0 flexible_section block_legalmentions\">\n <div id=\"field_powa65b5fe291484f67_inner\" class=\"container flexible_section_inner\">\n\n  <div class=\"row flexible_section_content\">\n\n   <div class=\"col-md-12 col-lg colonne\">\n<p>Directeur de la publication : <a href=\"mailto:eloise.rocher@groupe-sos.org\" rel=\"noopener\"><strong>Elo\u00efse Rocher<\/strong><\/a><\/p>\n<p>Conception :<\/p>\n<p><p>Conception graphique : <a href=\"http:\/\/m-latelier.com\" target=\"_blank\" rel=\"noopener\">M L&#8217;atelier<\/a>.<\/p>\n<p>D\u00e9veloppement et int\u00e9gration : GIE Alliance Gestion, Direction web, <a href=\"mailto:philippe.morlhon@groupe-sos.org\">philippe.morlhon@groupe-sos.org<\/a>.<\/p>\n<p>Propuls\u00e9 par WordPress et <a href=\"https:\/\/flexipow.phil-o-web.com\/\" target=\"_blank\" rel=\"noopener\">Flexipow\u00a0<\/a><\/p>\n<\/p>\n<p>H\u00e9bergement :<\/p>\n<p><p>OVH &#8211; 2, rue Kellermann, 59100 Roubaix<\/p>\n<\/p>\n<h2>Propri\u00e9t\u00e9 intellectuelle<\/h2>\n<p>Le site <a href=\"https:\/\/ecole-olympedegouges.com\/\">ecole-olympedegouges.com<\/a> est prot\u00e9g\u00e9 par les dispositions du Code de la propri\u00e9t\u00e9 intellectuelle, notamment par celles de ses dispositions relatives \u00e0 la propri\u00e9t\u00e9 litt\u00e9raire et artistique, aux droits d\u2019auteur et \u00e0 la protection des bases de donn\u00e9es. Ces droits sont la propri\u00e9t\u00e9 exclusive des associations membres du Ecole Olympe de Gouges. Le Code de la propri\u00e9t\u00e9 intellectuelle n\u2019autorise aux termes de l\u2019article L.122-5, d\u2019une part, que les copies ou reproductions strictement r\u00e9serv\u00e9es \u00e0 l\u2019usage priv\u00e9 du copiste et non destin\u00e9es \u00e0 une utilisation collective et, d\u2019autre part, que les analyses et les courtes citations dans un but d\u2019exemple et d\u2019illustration. De m\u00eame, l\u2019article L.342-3 du Code de la propri\u00e9t\u00e9 intellectuelle n\u2019autorise que l\u2019extraction ou la r\u00e9utilisation d\u2019une partie non substantielle du contenu d\u2019une base de donn\u00e9es mise \u00e0 la disposition du public par son titulaire. Par cons\u00e9quent, toute repr\u00e9sentation ou reproduction non autoris\u00e9e des sites Internet de Ecole Olympe de Gouges, par quelque moyen que ce soit, est strictement interdite sous peine de poursuites judiciaires. Le contrevenant s\u2019expose \u00e0 des sanctions civiles et p\u00e9nales et notamment aux peines pr\u00e9vues aux articles L.335-2 et suivants du Code de la propri\u00e9t\u00e9 intellectuelle.<\/p>\n<h2>Liens hypertextes<\/h2>\n<p>Bien que nous apportions la plus grande rigueur dans la s\u00e9lection des liens que nous proposons vers d\u2019autres sites du r\u00e9seau Internet, Ecole Olympe de Gouges ne saurait \u00eatre tenu responsable du contenu pr\u00e9sent sur ces sites.<\/p>\n<h2>Cookies<\/h2>\n<p>La navigation sur le site ne n\u00e9cessite pas l\u2019utilisation de cookies, \u00e0 l\u2019exception de la rubrique d\u00e9p\u00f4t de candidature. Par ailleurs, si l\u2019utilisateur autorise les cookies, ces derniers permettront d\u2019\u00e9laborer des statistiques de fr\u00e9quentation du site de mani\u00e8re anonyme.<\/p>\n<p>Pour avoir plus de d\u00e9tails sur notre politique de cookies veuillez consulter [<a href=\"https:\/\/ecole-olympedegouges.com\/en\/politique-de-confidentialite\/\" rel=\"noopener\">la Charte de Protection des donn\u00e9es Personnelles<\/a>]<\/p>\n<h2>Protection des donn\u00e9es \u00e0 caract\u00e8re personnel<\/h2>\n<p>Les traitements de donn\u00e9es \u00e0 caract\u00e8re personnel mis en \u0153uvre dans le cadre du site ecole-olympedegouges.com sont fond\u00e9s sur l&#8217;int\u00e9r\u00eat l\u00e9gitime aux fins de fournir des services aux utilisateurs, de leur adresser des informations sur les activit\u00e9s adapt\u00e9es \u00e0 leur situation.<\/p>\n<p>Conform\u00e9ment \u00e0 la loi n\u00b078-17 du 6 janvier 1978 relative \u00e0 l&#8217;informatique, aux fichiers et aux libert\u00e9s \u00ab LIL \u00bb modifi\u00e9e et le R\u00e8glement (UE) 2016\/679 du Parlement europ\u00e9en et du Conseil du 27 avril 2016, relatif \u00e0 la protection des personnes physiques \u00e0 l\u2019\u00e9gard du traitement des donn\u00e9es \u00e0 caract\u00e8re personnel et \u00e0 la libre circulation de ces donn\u00e9es, et abrogeant la directive 95\/46\/CE \u00ab r\u00e8glement g\u00e9n\u00e9ral sur la protection des donn\u00e9es \u00bb, les utilisateurs peuvent \u00e0 tout moment s&#8217;opposer \u00e0 recevoir des informations en utilisant le lien de d\u00e9sabonnement figurant dans chaque message provenant de du Ecole Olympe de Gouges, demander \u00e0 acc\u00e9der, \u00e0 faire porter aupr\u00e8s d&#8217;un tiers, \u00e0 faire rectifier ou \u00e0 faire supprimer les informations les concernant trait\u00e9es par Ecole Olympe de Gouges.<\/p>\n<p>Pour exercer ces droits , ceux-ci peuvent \u00e9crire \u00e0 <a href=\"mailto:contact-rgpd.jeunesse@groupe-sos.org\" rel=\"noopener\">contact-rgpd.jeunesse@groupe-sos.org<\/a> ou pour en savoir plus sur le traitement de leurs donn\u00e9es personnelles et leurs droits, consultez notre Charte de protection des donn\u00e9es personnelles \u00e0 l&#8217;adresse suivante : <a href=\"https:\/\/ecole-olympedegouges.com\/en\/politique-de-confidentialite\/\" rel=\"noopener\">La charte de protection des donn\u00e9es personnelles.<\/a><\/p>\n   <\/div>\n  <\/div>\n\n <\/div>\n<\/div>\n","protected":false},"excerpt":{"rendered":"","protected":false},"author":1,"featured_media":0,"parent":0,"menu_order":0,"comment_status":"closed","ping_status":"closed","template":"page-flexipow.php","meta":{"_acf_changed":false,"inline_featured_image":false,"footnotes":""},"class_list":["post-3753","page","type-page","status-publish","hentry"],"acf":[],"yoast_head":"<!-- This site is optimized with the Yoast SEO plugin v26.3 - https:\/\/yoast.com\/wordpress\/plugins\/seo\/ -->\n<title>Legal mention - Ecole Olympe de Gouges<\/title>\n<meta name=\"robots\" content=\"index, follow, max-snippet:-1, max-image-preview:large, max-video-preview:-1\" \/>\n<link rel=\"canonical\" href=\"https:\/\/ecole-olympedegouges.com\/en\/mentions-legales\/\" \/>\n<meta property=\"og:locale\" content=\"en_US\" \/>\n<meta property=\"og:type\" content=\"article\" \/>\n<meta property=\"og:title\" content=\"Legal mention - Ecole Olympe de Gouges\" \/>\n<meta property=\"og:url\" content=\"https:\/\/ecole-olympedegouges.com\/en\/mentions-legales\/\" \/>\n<meta property=\"og:site_name\" content=\"Ecole Olympe de Gouges\" \/>\n<meta property=\"article:modified_time\" content=\"2023-11-10T08:29:14+00:00\" \/>\n<meta name=\"twitter:card\" content=\"summary_large_image\" \/>\n<script type=\"application\/ld+json\" class=\"yoast-schema-graph\">{\"@context\":\"https:\/\/schema.org\",\"@graph\":[{\"@type\":\"WebPage\",\"@id\":\"https:\/\/ecole-olympedegouges.com\/en\/mentions-legales\/\",\"url\":\"https:\/\/ecole-olympedegouges.com\/en\/mentions-legales\/\",\"name\":\"Legal mention - Ecole Olympe de Gouges\",\"isPartOf\":{\"@id\":\"https:\/\/ecole-olympedegouges.com\/en\/#website\"},\"datePublished\":\"2023-06-23T08:49:52+00:00\",\"dateModified\":\"2023-11-10T08:29:14+00:00\",\"breadcrumb\":{\"@id\":\"https:\/\/ecole-olympedegouges.com\/en\/mentions-legales\/#breadcrumb\"},\"inLanguage\":\"en-US\",\"potentialAction\":[{\"@type\":\"ReadAction\",\"target\":[\"https:\/\/ecole-olympedegouges.com\/en\/mentions-legales\/\"]}]},{\"@type\":\"BreadcrumbList\",\"@id\":\"https:\/\/ecole-olympedegouges.com\/en\/mentions-legales\/#breadcrumb\",\"itemListElement\":[{\"@type\":\"ListItem\",\"position\":1,\"name\":\"Accueil\",\"item\":\"https:\/\/ecole-olympedegouges.com\/en\/\"},{\"@type\":\"ListItem\",\"position\":2,\"name\":\"Legal mention\"}]},{\"@type\":\"WebSite\",\"@id\":\"https:\/\/ecole-olympedegouges.com\/en\/#website\",\"url\":\"https:\/\/ecole-olympedegouges.com\/en\/\",\"name\":\"Ecole Olympe de Gouges\",\"description\":\"\",\"publisher\":{\"@id\":\"https:\/\/ecole-olympedegouges.com\/en\/#organization\"},\"potentialAction\":[{\"@type\":\"SearchAction\",\"target\":{\"@type\":\"EntryPoint\",\"urlTemplate\":\"https:\/\/ecole-olympedegouges.com\/en\/?s={search_term_string}\"},\"query-input\":{\"@type\":\"PropertyValueSpecification\",\"valueRequired\":true,\"valueName\":\"search_term_string\"}}],\"inLanguage\":\"en-US\"},{\"@type\":\"Organization\",\"@id\":\"https:\/\/ecole-olympedegouges.com\/en\/#organization\",\"name\":\"Ecole Olympe de Gouges\",\"url\":\"https:\/\/ecole-olympedegouges.com\/en\/\",\"logo\":{\"@type\":\"ImageObject\",\"inLanguage\":\"en-US\",\"@id\":\"https:\/\/ecole-olympedegouges.com\/en\/#\/schema\/logo\/image\/\",\"url\":\"https:\/\/ecole-olympedegouges.com\/wp-content\/uploads\/2023\/06\/logo-ecoleolympedegouges.svg\",\"contentUrl\":\"https:\/\/ecole-olympedegouges.com\/wp-content\/uploads\/2023\/06\/logo-ecoleolympedegouges.svg\",\"width\":800,\"height\":581,\"caption\":\"Ecole Olympe de Gouges\"},\"image\":{\"@id\":\"https:\/\/ecole-olympedegouges.com\/en\/#\/schema\/logo\/image\/\"}}]}<\/script>\n<!-- \/ Yoast SEO plugin. -->","yoast_head_json":{"title":"Legal mention - Ecole Olympe de Gouges","robots":{"index":"index","follow":"follow","max-snippet":"max-snippet:-1","max-image-preview":"max-image-preview:large","max-video-preview":"max-video-preview:-1"},"canonical":"https:\/\/ecole-olympedegouges.com\/en\/mentions-legales\/","og_locale":"en_US","og_type":"article","og_title":"Legal mention - Ecole Olympe de Gouges","og_url":"https:\/\/ecole-olympedegouges.com\/en\/mentions-legales\/","og_site_name":"Ecole Olympe de Gouges","article_modified_time":"2023-11-10T08:29:14+00:00","twitter_card":"summary_large_image","schema":{"@context":"https:\/\/schema.org","@graph":[{"@type":"WebPage","@id":"https:\/\/ecole-olympedegouges.com\/en\/mentions-legales\/","url":"https:\/\/ecole-olympedegouges.com\/en\/mentions-legales\/","name":"Legal mention - Ecole Olympe de Gouges","isPartOf":{"@id":"https:\/\/ecole-olympedegouges.com\/en\/#website"},"datePublished":"2023-06-23T08:49:52+00:00","dateModified":"2023-11-10T08:29:14+00:00","breadcrumb":{"@id":"https:\/\/ecole-olympedegouges.com\/en\/mentions-legales\/#breadcrumb"},"inLanguage":"en-US","potentialAction":[{"@type":"ReadAction","target":["https:\/\/ecole-olympedegouges.com\/en\/mentions-legales\/"]}]},{"@type":"BreadcrumbList","@id":"https:\/\/ecole-olympedegouges.com\/en\/mentions-legales\/#breadcrumb","itemListElement":[{"@type":"ListItem","position":1,"name":"Accueil","item":"https:\/\/ecole-olympedegouges.com\/en\/"},{"@type":"ListItem","position":2,"name":"Legal mention"}]},{"@type":"WebSite","@id":"https:\/\/ecole-olympedegouges.com\/en\/#website","url":"https:\/\/ecole-olympedegouges.com\/en\/","name":"Ecole Olympe de Gouges","description":"","publisher":{"@id":"https:\/\/ecole-olympedegouges.com\/en\/#organization"},"potentialAction":[{"@type":"SearchAction","target":{"@type":"EntryPoint","urlTemplate":"https:\/\/ecole-olympedegouges.com\/en\/?s={search_term_string}"},"query-input":{"@type":"PropertyValueSpecification","valueRequired":true,"valueName":"search_term_string"}}],"inLanguage":"en-US"},{"@type":"Organization","@id":"https:\/\/ecole-olympedegouges.com\/en\/#organization","name":"Ecole Olympe de Gouges","url":"https:\/\/ecole-olympedegouges.com\/en\/","logo":{"@type":"ImageObject","inLanguage":"en-US","@id":"https:\/\/ecole-olympedegouges.com\/en\/#\/schema\/logo\/image\/","url":"https:\/\/ecole-olympedegouges.com\/wp-content\/uploads\/2023\/06\/logo-ecoleolympedegouges.svg","contentUrl":"https:\/\/ecole-olympedegouges.com\/wp-content\/uploads\/2023\/06\/logo-ecoleolympedegouges.svg","width":800,"height":581,"caption":"Ecole Olympe de Gouges"},"image":{"@id":"https:\/\/ecole-olympedegouges.com\/en\/#\/schema\/logo\/image\/"}}]}},"_links":{"self":[{"href":"https:\/\/ecole-olympedegouges.com\/en\/wp-json\/wp\/v2\/pages\/3753","targetHints":{"allow":["GET"]}}],"collection":[{"href":"https:\/\/ecole-olympedegouges.com\/en\/wp-json\/wp\/v2\/pages"}],"about":[{"href":"https:\/\/ecole-olympedegouges.com\/en\/wp-json\/wp\/v2\/types\/page"}],"author":[{"embeddable":true,"href":"https:\/\/ecole-olympedegouges.com\/en\/wp-json\/wp\/v2\/users\/1"}],"replies":[{"embeddable":true,"href":"https:\/\/ecole-olympedegouges.com\/en\/wp-json\/wp\/v2\/comments?post=3753"}],"version-history":[{"count":3,"href":"https:\/\/ecole-olympedegouges.com\/en\/wp-json\/wp\/v2\/pages\/3753\/revisions"}],"predecessor-version":[{"id":5404,"href":"https:\/\/ecole-olympedegouges.com\/en\/wp-json\/wp\/v2\/pages\/3753\/revisions\/5404"}],"wp:attachment":[{"href":"https:\/\/ecole-olympedegouges.com\/en\/wp-json\/wp\/v2\/media?parent=3753"}],"curies":[{"name":"wp","href":"https:\/\/api.w.org\/{rel}","templated":true}]}}